{"id":718,"date":"2017-12-12T10:41:52","date_gmt":"2017-12-12T10:41:52","guid":{"rendered":"http:\/\/www.challenge-family.com\/salou\/?page_id=718"},"modified":"2022-06-03T22:33:29","modified_gmt":"2022-06-03T20:33:29","slug":"partners","status":"publish","type":"page","link":"https:\/\/challenge-salou.com\/en\/partners\/","title":{"rendered":"Partners"},"content":{"rendered":"<div class=\"wpb-content-wrapper\">[vc_row el_class=&#8221;time-schedule&#8221;][vc_column]<div id=\"logooos716\" class=\"logooos_container logooos_notready\"><div class=\"logooos logooos_grid logooos_responsive logooos_withtooltip logooos_border logooos_listborder logooos_no_radius effect1 \" data-columnsnum=\"4\" data-marginbetweenitems=\"25px\" data-itemsheightpercentage=\"0.80\" data-hovereffect=\"effect1\" data-hovereffectcolor=\"#DCDCDC\" data-bordercolor=\"#DCDCDC\"  ><div class=\"logooos_item\" data-id=\"1429\" data-title=\"Ajuntament de Salou\" style=\"background-color:transparent; border-color:#DCDCDC\">\n\t\t\t\t\t\t<a href=\"https:\/\/www.salou.cat\/?set_language=es\" target=\"_blank\"><img decoding=\"async\" src=\"https:\/\/challenge-salou.com\/wp-content\/uploads\/sites\/20\/2019\/03\/logo-aj-salou.png\" title=\"\" style=\"max-width:70% !important; max-height:70% !important;\" alt=\"Ajuntament de Salou\" \/><\/a><\/div><div class=\"logooos_item\" data-id=\"1433\" data-title=\"Patronat Turisme Salou\" style=\"background-color:transparent; border-color:#DCDCDC\">\n\t\t\t\t\t\t<a href=\"https:\/\/www.visitsalou.eu\/pagina-de-inicio\" target=\"_blank\"><img decoding=\"async\" src=\"https:\/\/challenge-salou.com\/wp-content\/uploads\/sites\/20\/2019\/03\/logo-salou-2026-2048x532-1.png\" title=\"\" style=\"max-width:70% !important; max-height:70% !important;\" alt=\"Patronat Turisme Salou\" \/><\/a><\/div><div class=\"logooos_item\" data-id=\"1435\" data-title=\"Secretaria General de l'Esport\" style=\"background-color:transparent; border-color:#DCDCDC\">\n\t\t\t\t\t\t<a href=\"http:\/\/esport.gencat.cat\/ca\/inici\/\" target=\"_blank\"><img decoding=\"async\" src=\"https:\/\/challenge-salou.com\/wp-content\/uploads\/sites\/20\/2019\/03\/logo-esports.png\" title=\"\" style=\"max-width:70% !important; max-height:70% !important;\" alt=\"Secretaria General de l'Esport\" \/><\/a><\/div><div class=\"logooos_item\" data-id=\"8524\" data-title=\"FEDERACI\u00d3N ESPA\u00d1OLA DE TRIATL\u00d3N\" style=\"background-color:transparent; border-color:#DCDCDC\">\n\t\t\t\t\t\t<a href=\"https:\/\/triatlon.org\/\" target=\"_blank\"><img decoding=\"async\" src=\"https:\/\/challenge-salou.com\/wp-content\/uploads\/sites\/20\/2022\/03\/logo-fetri.png\" title=\"\" style=\"max-width:70% !important; max-height:70% !important;\" alt=\"FEDERACI\u00d3N ESPA\u00d1OLA DE TRIATL\u00d3N\" \/><\/a><\/div><div class=\"logooos_item\" data-id=\"1447\" data-title=\"226ERS\" style=\"background-color:transparent; border-color:#DCDCDC\">\n\t\t\t\t\t\t<a href=\"https:\/\/www.226ers.com\/es\/\" target=\"_blank\"><img decoding=\"async\" src=\"https:\/\/challenge-salou.com\/wp-content\/uploads\/sites\/20\/2019\/03\/logo-226ers.png\" title=\"\" style=\"max-width:70% !important; max-height:70% !important;\" alt=\"226ERS\" \/><\/a><\/div><div class=\"logooos_item\" data-id=\"1452\" data-title=\"sailfish\" style=\"background-color:transparent; border-color:#DCDCDC\">\n\t\t\t\t\t\t<a href=\"https:\/\/www.sailfish.com\/en\" target=\"_blank\"><img decoding=\"async\" src=\"https:\/\/challenge-salou.com\/wp-content\/uploads\/sites\/20\/2019\/03\/logo-sailfish-1.png\" title=\"\" style=\"max-width:70% !important; max-height:70% !important;\" alt=\"sailfish\" \/><\/a><\/div><div class=\"logooos_item\" data-id=\"8437\" data-title=\"Arr\u00f2s Montsi\u00e0\" style=\"background-color:transparent; border-color:#DCDCDC\">\n\t\t\t\t\t\t<a href=\"https:\/\/montsia.es\/\" target=\"_blank\"><img decoding=\"async\" src=\"https:\/\/challenge-salou.com\/wp-content\/uploads\/sites\/20\/2022\/03\/logo-arros-montsia.png\" title=\"\" style=\"max-width:70% !important; max-height:70% !important;\" alt=\"Arr\u00f2s Montsi\u00e0\" \/><\/a><\/div><div class=\"logooos_item\" data-id=\"8439\" data-title=\"Coca-Cola\" style=\"background-color:transparent; border-color:#DCDCDC\">\n\t\t\t\t\t\t<a href=\"https:\/\/www.cocacola.es\/\" target=\"_blank\"><img decoding=\"async\" src=\"https:\/\/challenge-salou.com\/wp-content\/uploads\/sites\/20\/2022\/03\/logo-cocacola.png\" title=\"\" style=\"max-width:70% !important; max-height:70% !important;\" alt=\"Coca-Cola\" \/><\/a><\/div><div class=\"logooos_item\" data-id=\"8430\" data-title=\"Ruzafa\" style=\"background-color:transparent; border-color:#DCDCDC\">\n\t\t\t\t\t\t<a href=\"https:\/\/www.ruzafa.com\/\" target=\"_blank\"><img decoding=\"async\" src=\"https:\/\/challenge-salou.com\/wp-content\/uploads\/sites\/20\/2022\/03\/logo_ruzafa.jpeg\" title=\"\" style=\"max-width:70% !important; max-height:70% !important;\" alt=\"Ruzafa\" \/><\/a><\/div><div class=\"logooos_item\" data-id=\"2709\" data-title=\"Salou Triatl\u00f3\" style=\"background-color:transparent; border-color:#DCDCDC\">\n\t\t\t\t\t\t<a href=\"https:\/\/saloutriatlo.com\" target=\"_blank\"><img decoding=\"async\" src=\"https:\/\/challenge-salou.com\/wp-content\/uploads\/sites\/20\/2021\/09\/logo-salou-triatlo.png\" title=\"\" style=\"max-width:70% !important; max-height:70% !important;\" alt=\"Salou Triatl\u00f3\" \/><\/a><\/div><div class=\"logooos_item\" data-id=\"1576\" data-title=\"Club N\u00e0utic Salou\" style=\"background-color:transparent; border-color:#DCDCDC\">\n\t\t\t\t\t\t<a href=\"http:\/\/www.clubnauticsalou.com\/\" target=\"_blank\"><img decoding=\"async\" src=\"https:\/\/challenge-salou.com\/wp-content\/uploads\/sites\/20\/2019\/04\/logo-nautic.png\" title=\"\" style=\"max-width:70% !important; max-height:70% !important;\" alt=\"Club N\u00e0utic Salou\" \/><\/a><\/div><div class=\"logooos_item\" data-id=\"9039\" data-title=\"Flashback Salou\" style=\"background-color:transparent; border-color:#DCDCDC\">\n\t\t\t\t\t\t<a href=\"https:\/\/www.flashbacksalou.com\/\" target=\"_blank\"><img decoding=\"async\" src=\"https:\/\/challenge-salou.com\/wp-content\/uploads\/sites\/20\/2023\/04\/logo-flashback.png\" title=\"\" style=\"max-width:70% !important; max-height:70% !important;\" alt=\"Flashback Salou\" \/><\/a><\/div><div class=\"logooos_item\" data-id=\"9393\" data-title=\"Jet Ski Tours\" style=\"background-color:transparent; border-color:#DCDCDC\">\n\t\t\t\t\t\t<a href=\"https:\/\/motosdeaguacambrils.es\/\" target=\"_blank\"><img decoding=\"async\" src=\"https:\/\/challenge-salou.com\/wp-content\/uploads\/sites\/20\/2023\/05\/logo-jet-ski-tours.png\" title=\"\" style=\"max-width:70% !important; max-height:70% !important;\" alt=\"Jet Ski Tours\" \/><\/a><\/div><div class=\"logooos_item\" data-id=\"9685\" data-title=\"C\u00e1domotus\" style=\"background-color:transparent; border-color:#DCDCDC\">\n\t\t\t\t\t\t<a href=\"https:\/\/www.cadomotus.com\/en\/triathlon\/\" target=\"_blank\"><img decoding=\"async\" src=\"https:\/\/challenge-salou.com\/wp-content\/uploads\/sites\/20\/2024\/01\/logo-cadomotus.png\" title=\"\" style=\"max-width:70% !important; max-height:70% !important;\" alt=\"C\u00e1domotus\" \/><\/a><\/div><div class=\"logooos_item\" data-id=\"9750\" data-title=\"Adventure Bike Rental\" style=\"background-color:transparent; border-color:#DCDCDC\">\n\t\t\t\t\t\t<a href=\"https:\/\/adventure-bikerental.es\/\" target=\"_blank\"><img decoding=\"async\" src=\"https:\/\/challenge-salou.com\/wp-content\/uploads\/sites\/20\/2024\/03\/logo-adventure-bike-rental.png\" title=\"\" style=\"max-width:70% !important; max-height:70% !important;\" alt=\"Adventure Bike Rental\" \/><\/a><\/div><div class=\"logooos_item\" data-id=\"9755\" data-title=\"Bike Taller Reus\" style=\"background-color:transparent; border-color:#DCDCDC\">\n\t\t\t\t\t\t<a href=\"https:\/\/www.biketaller.com\/\" target=\"_blank\"><img decoding=\"async\" src=\"https:\/\/challenge-salou.com\/wp-content\/uploads\/sites\/20\/2024\/03\/logo-biketaller.png\" title=\"\" style=\"max-width:70% !important; max-height:70% !important;\" alt=\"Bike Taller Reus\" \/><\/a><\/div><div class=\"logooos_item\" data-id=\"9837\" data-title=\"Diari de Tarragona\" style=\"background-color:transparent; border-color:#DCDCDC\">\n\t\t\t\t\t\t<a href=\"https:\/\/www.diaridetarragona.com\/\" target=\"_blank\"><img decoding=\"async\" src=\"https:\/\/challenge-salou.com\/wp-content\/uploads\/sites\/20\/2024\/05\/logo-diari-tarragona.png\" title=\"\" style=\"max-width:70% !important; max-height:70% !important;\" alt=\"Diari de Tarragona\" \/><\/a><\/div><div class=\"logooos_item\" data-id=\"10108\" data-title=\"Plaza - Boulangerie &amp; Coffee\" style=\"background-color:transparent; border-color:#DCDCDC\">\n\t\t\t\t\t\t<a href=\"https:\/\/plazaboulangeriecoffee.com\/\" target=\"_blank\"><img decoding=\"async\" src=\"https:\/\/challenge-salou.com\/wp-content\/uploads\/sites\/20\/2025\/02\/logo-plaza.png\" title=\"\" style=\"max-width:70% !important; max-height:70% !important;\" alt=\"Plaza - Boulangerie &amp; Coffee\" \/><\/a><\/div><div class=\"logooos_item\" data-id=\"10131\" data-title=\"PortAventura World\" style=\"background-color:transparent; border-color:#DCDCDC\">\n\t\t\t\t\t\t<a href=\"https:\/\/www.portaventuraworld.com\/\" target=\"_blank\"><img decoding=\"async\" src=\"https:\/\/challenge-salou.com\/wp-content\/uploads\/sites\/20\/2025\/02\/paw-logo.png\" title=\"\" style=\"max-width:70% !important; max-height:70% !important;\" alt=\"PortAventura World\" \/><\/a><\/div><div class=\"logooos_item\" data-id=\"10163\" data-title=\"BUDDYSWIM\" style=\"background-color:transparent; border-color:#DCDCDC\">\n\t\t\t\t\t\t<a href=\"https:\/\/buddyswim.com\/es\/\" target=\"_blank\"><img decoding=\"async\" src=\"https:\/\/challenge-salou.com\/wp-content\/uploads\/sites\/20\/2025\/03\/buddyswim-logo.png\" title=\"\" style=\"max-width:70% !important; max-height:70% !important;\" alt=\"BUDDYSWIM\" \/><\/a><\/div><div class=\"logooos_item\" data-id=\"10632\" data-title=\"Omoda Jaecoo\" style=\"background-color:transparent; border-color:#DCDCDC\">\n\t\t\t\t\t\t<a href=\"https:\/\/grupolivamotor.com\/omoda-jaecoo\" target=\"_blank\"><img decoding=\"async\" src=\"https:\/\/challenge-salou.com\/wp-content\/uploads\/sites\/20\/2026\/03\/omoda-jaecoo-logo.png\" title=\"\" style=\"max-width:70% !important; max-height:70% !important;\" alt=\"Omoda Jaecoo\" \/><\/a><\/div><div class=\"logooos_item\" data-id=\"10565\" data-title=\"Ametller Origen\" style=\"background-color:transparent; border-color:#DCDCDC\">\n\t\t\t\t\t\t<a href=\"https:\/\/www.ametllerorigen.com\/\" target=\"_blank\"><img decoding=\"async\" src=\"https:\/\/challenge-salou.com\/wp-content\/uploads\/sites\/20\/2026\/02\/logo-ametller-origen.png\" title=\"\" style=\"max-width:70% !important; max-height:70% !important;\" alt=\"Ametller Origen\" \/><\/a><\/div><div class=\"logooos_item\" data-id=\"10671\" data-title=\"XRO\" style=\"background-color:transparent; border-color:#DCDCDC\">\n\t\t\t\t\t\t<a href=\"https:\/\/xrosports.com\/\" target=\"_blank\"><img decoding=\"async\" src=\"https:\/\/challenge-salou.com\/wp-content\/uploads\/sites\/20\/2026\/03\/xro__11_.png\" title=\"\" style=\"max-width:70% !important; max-height:70% !important;\" alt=\"XRO\" \/><\/a><\/div><div class=\"logooos_item\" data-id=\"10426\" data-title=\"Costa Daurada\" style=\"background-color:transparent; border-color:#DCDCDC\">\n\t\t\t\t\t\t<a href=\"https:\/\/costadaurada.info\/\" target=\"_blank\"><img decoding=\"async\" src=\"https:\/\/challenge-salou.com\/wp-content\/uploads\/sites\/20\/2025\/11\/logo-costa-daurada.png\" title=\"\" style=\"max-width:70% !important; max-height:70% !important;\" alt=\"Costa Daurada\" \/><\/a><\/div><div class=\"logooos_item\" data-id=\"10431\" data-title=\"Diputaci\u00f3 de Tarragona\" style=\"background-color:transparent; border-color:#DCDCDC\">\n\t\t\t\t\t\t<a href=\"https:\/\/www.dipta.cat\/\" target=\"_blank\"><img decoding=\"async\" src=\"https:\/\/challenge-salou.com\/wp-content\/uploads\/sites\/20\/2025\/11\/logo-dipta.png\" title=\"\" style=\"max-width:70% !important; max-height:70% !important;\" alt=\"Diputaci\u00f3 de Tarragona\" \/><\/a><\/div><\/div><\/div>[\/vc_column][\/vc_row]\n<\/div>","protected":false},"excerpt":{"rendered":"<p>[vc_row el_class=&#8221;time-schedule&#8221;][vc_column][\/vc_column][\/vc_row]<\/p>\n","protected":false},"author":2,"featured_media":0,"parent":0,"menu_order":0,"comment_status":"closed","ping_status":"closed","template":"","meta":{"footnotes":""},"class_list":["post-718","page","type-page","status-publish","hentry"],"yoast_head":"<!-- This site is optimized with the Yoast SEO plugin v25.6 - https:\/\/yoast.com\/wordpress\/plugins\/seo\/ -->\n<title>Partners - Challenge Salou<\/title>\n<meta name=\"robots\" content=\"index, follow, max-snippet:-1, max-image-preview:large, max-video-preview:-1\" \/>\n<link rel=\"canonical\" href=\"https:\/\/challenge-salou.com\/en\/partners\/\" \/>\n<meta property=\"og:locale\" content=\"en_US\" \/>\n<meta property=\"og:type\" content=\"article\" \/>\n<meta property=\"og:title\" content=\"Partners - Challenge Salou\" \/>\n<meta property=\"og:description\" content=\"[vc_row el_class=&#8221;time-schedule&#8221;][vc_column][\/vc_column][\/vc_row]\" \/>\n<meta property=\"og:url\" content=\"https:\/\/challenge-salou.com\/en\/partners\/\" \/>\n<meta property=\"og:site_name\" content=\"Challenge Salou\" \/>\n<meta property=\"article:publisher\" content=\"https:\/\/www.facebook.com\/ChallengeSalou\/\" \/>\n<meta property=\"article:modified_time\" content=\"2022-06-03T20:33:29+00:00\" \/>\n<meta name=\"twitter:card\" content=\"summary_large_image\" \/>\n<meta name=\"twitter:site\" content=\"@ChallengeSalou\" \/>\n<script type=\"application\/ld+json\" class=\"yoast-schema-graph\">{\"@context\":\"https:\/\/schema.org\",\"@graph\":[{\"@type\":\"WebPage\",\"@id\":\"https:\/\/challenge-salou.com\/en\/partners\/\",\"url\":\"https:\/\/challenge-salou.com\/en\/partners\/\",\"name\":\"Partners - Challenge Salou\",\"isPartOf\":{\"@id\":\"https:\/\/challenge-salou.com\/#website\"},\"datePublished\":\"2017-12-12T10:41:52+00:00\",\"dateModified\":\"2022-06-03T20:33:29+00:00\",\"breadcrumb\":{\"@id\":\"https:\/\/challenge-salou.com\/en\/partners\/#breadcrumb\"},\"inLanguage\":\"en-US\",\"potentialAction\":[{\"@type\":\"ReadAction\",\"target\":[\"https:\/\/challenge-salou.com\/en\/partners\/\"]}]},{\"@type\":\"BreadcrumbList\",\"@id\":\"https:\/\/challenge-salou.com\/en\/partners\/#breadcrumb\",\"itemListElement\":[{\"@type\":\"ListItem\",\"position\":1,\"name\":\"Home\",\"item\":\"https:\/\/challenge-salou.com\/en\/\"},{\"@type\":\"ListItem\",\"position\":2,\"name\":\"Partners\"}]},{\"@type\":\"WebSite\",\"@id\":\"https:\/\/challenge-salou.com\/#website\",\"url\":\"https:\/\/challenge-salou.com\/\",\"name\":\"Challenge Salou - Costa Daurada\",\"description\":\"Costa Daurada\",\"publisher\":{\"@id\":\"https:\/\/challenge-salou.com\/#organization\"},\"potentialAction\":[{\"@type\":\"SearchAction\",\"target\":{\"@type\":\"EntryPoint\",\"urlTemplate\":\"https:\/\/challenge-salou.com\/?s={search_term_string}\"},\"query-input\":{\"@type\":\"PropertyValueSpecification\",\"valueRequired\":true,\"valueName\":\"search_term_string\"}}],\"inLanguage\":\"en-US\"},{\"@type\":\"Organization\",\"@id\":\"https:\/\/challenge-salou.com\/#organization\",\"name\":\"Challenge Salou - Costa Daurada\",\"url\":\"https:\/\/challenge-salou.com\/\",\"logo\":{\"@type\":\"ImageObject\",\"inLanguage\":\"en-US\",\"@id\":\"https:\/\/challenge-salou.com\/#\/schema\/logo\/image\/\",\"url\":\"https:\/\/challenge-salou.com\/wp-content\/uploads\/sites\/20\/2025\/12\/challenge-salou-costadaurada-onlight.png\",\"contentUrl\":\"https:\/\/challenge-salou.com\/wp-content\/uploads\/sites\/20\/2025\/12\/challenge-salou-costadaurada-onlight.png\",\"width\":2048,\"height\":465,\"caption\":\"Challenge Salou - Costa Daurada\"},\"image\":{\"@id\":\"https:\/\/challenge-salou.com\/#\/schema\/logo\/image\/\"},\"sameAs\":[\"https:\/\/www.facebook.com\/ChallengeSalou\/\",\"https:\/\/x.com\/ChallengeSalou\",\"https:\/\/www.instagram.com\/challengesalou\/\"]}]}<\/script>\n<!-- \/ Yoast SEO plugin. -->","yoast_head_json":{"title":"Partners - Challenge Salou","robots":{"index":"index","follow":"follow","max-snippet":"max-snippet:-1","max-image-preview":"max-image-preview:large","max-video-preview":"max-video-preview:-1"},"canonical":"https:\/\/challenge-salou.com\/en\/partners\/","og_locale":"en_US","og_type":"article","og_title":"Partners - Challenge Salou","og_description":"[vc_row el_class=&#8221;time-schedule&#8221;][vc_column][\/vc_column][\/vc_row]","og_url":"https:\/\/challenge-salou.com\/en\/partners\/","og_site_name":"Challenge Salou","article_publisher":"https:\/\/www.facebook.com\/ChallengeSalou\/","article_modified_time":"2022-06-03T20:33:29+00:00","twitter_card":"summary_large_image","twitter_site":"@ChallengeSalou","schema":{"@context":"https:\/\/schema.org","@graph":[{"@type":"WebPage","@id":"https:\/\/challenge-salou.com\/en\/partners\/","url":"https:\/\/challenge-salou.com\/en\/partners\/","name":"Partners - Challenge Salou","isPartOf":{"@id":"https:\/\/challenge-salou.com\/#website"},"datePublished":"2017-12-12T10:41:52+00:00","dateModified":"2022-06-03T20:33:29+00:00","breadcrumb":{"@id":"https:\/\/challenge-salou.com\/en\/partners\/#breadcrumb"},"inLanguage":"en-US","potentialAction":[{"@type":"ReadAction","target":["https:\/\/challenge-salou.com\/en\/partners\/"]}]},{"@type":"BreadcrumbList","@id":"https:\/\/challenge-salou.com\/en\/partners\/#breadcrumb","itemListElement":[{"@type":"ListItem","position":1,"name":"Home","item":"https:\/\/challenge-salou.com\/en\/"},{"@type":"ListItem","position":2,"name":"Partners"}]},{"@type":"WebSite","@id":"https:\/\/challenge-salou.com\/#website","url":"https:\/\/challenge-salou.com\/","name":"Challenge Salou - Costa Daurada","description":"Costa Daurada","publisher":{"@id":"https:\/\/challenge-salou.com\/#organization"},"potentialAction":[{"@type":"SearchAction","target":{"@type":"EntryPoint","urlTemplate":"https:\/\/challenge-salou.com\/?s={search_term_string}"},"query-input":{"@type":"PropertyValueSpecification","valueRequired":true,"valueName":"search_term_string"}}],"inLanguage":"en-US"},{"@type":"Organization","@id":"https:\/\/challenge-salou.com\/#organization","name":"Challenge Salou - Costa Daurada","url":"https:\/\/challenge-salou.com\/","logo":{"@type":"ImageObject","inLanguage":"en-US","@id":"https:\/\/challenge-salou.com\/#\/schema\/logo\/image\/","url":"https:\/\/challenge-salou.com\/wp-content\/uploads\/sites\/20\/2025\/12\/challenge-salou-costadaurada-onlight.png","contentUrl":"https:\/\/challenge-salou.com\/wp-content\/uploads\/sites\/20\/2025\/12\/challenge-salou-costadaurada-onlight.png","width":2048,"height":465,"caption":"Challenge Salou - Costa Daurada"},"image":{"@id":"https:\/\/challenge-salou.com\/#\/schema\/logo\/image\/"},"sameAs":["https:\/\/www.facebook.com\/ChallengeSalou\/","https:\/\/x.com\/ChallengeSalou","https:\/\/www.instagram.com\/challengesalou\/"]}]}},"_links":{"self":[{"href":"https:\/\/challenge-salou.com\/en\/wp-json\/wp\/v2\/pages\/718"}],"collection":[{"href":"https:\/\/challenge-salou.com\/en\/wp-json\/wp\/v2\/pages"}],"about":[{"href":"https:\/\/challenge-salou.com\/en\/wp-json\/wp\/v2\/types\/page"}],"author":[{"embeddable":true,"href":"https:\/\/challenge-salou.com\/en\/wp-json\/wp\/v2\/users\/2"}],"replies":[{"embeddable":true,"href":"https:\/\/challenge-salou.com\/en\/wp-json\/wp\/v2\/comments?post=718"}],"version-history":[{"count":3,"href":"https:\/\/challenge-salou.com\/en\/wp-json\/wp\/v2\/pages\/718\/revisions"}],"predecessor-version":[{"id":1427,"href":"https:\/\/challenge-salou.com\/en\/wp-json\/wp\/v2\/pages\/718\/revisions\/1427"}],"wp:attachment":[{"href":"https:\/\/challenge-salou.com\/en\/wp-json\/wp\/v2\/media?parent=718"}],"curies":[{"name":"wp","href":"https:\/\/api.w.org\/{rel}","templated":true}]}}